{"id":1933,"date":"2023-06-12T01:57:53","date_gmt":"2023-06-11T22:57:53","guid":{"rendered":"https:\/\/www.dmswebsolutions.ro\/?page_id=1933"},"modified":"2023-06-12T05:12:13","modified_gmt":"2023-06-12T02:12:13","slug":"politica-privind-cookie-urile","status":"publish","type":"page","link":"https:\/\/www.dmswebsolutions.ro\/en\/politica-privind-cookie-urile\/","title":{"rendered":"Politica privind fi\u0219ierele cookies"},"content":{"rendered":"<div data-elementor-type=\"wp-page\" data-elementor-id=\"1933\" class=\"elementor elementor-1933\">\n\t\t\t\t\t\t<section class=\"elementor-section elementor-top-section elementor-element elementor-element-8253c42 elementor-section-full_width elementor-section-height-default elementor-section-height-default\" data-id=\"8253c42\" data-element_type=\"section\">\n\t\t\t\t\t\t<div class=\"elementor-container elementor-column-gap-no\">\n\t\t\t\t\t<div class=\"elementor-column elementor-col-100 elementor-top-column elementor-element elementor-element-99b02e7\" data-id=\"99b02e7\" data-element_type=\"column\">\n\t\t\t<div class=\"elementor-widget-wrap elementor-element-populated\">\n\t\t\t\t\t\t<div class=\"elementor-element elementor-element-6ddd46e elementor-widget elementor-widget-benqu-breadcrum-id\" data-id=\"6ddd46e\" data-element_type=\"widget\" data-widget_type=\"benqu-breadcrum-id.default\">\n\t\t\t\t<div class=\"elementor-widget-container\">\n\t\t\t\t\t\t<div class=\"benqu-breadcrumb\">\r\n\t\t<div class=\"container\">\r\n\t\t\t<div class=\"row\">\r\n\t\t\t\t<div class=\"col-lg-12\">\r\n                    <div class=\"breadcrumb-item\">\r\n                        <ol class=\"breadcrumb-item\"><li><a href=\"https:\/\/www.dmswebsolutions.ro\/en\">Home<\/a><\/li> <\/ol>                    <\/div>\r\n\t\t\t\t\t\r\n\t\t\t\t<\/div>\r\n\t\t\t<\/div>\r\n\t\t<\/div>\r\n\t<\/div>\r\n    \t\t\t\t<\/div>\n\t\t\t\t<\/div>\n\t\t\t\t\t<\/div>\n\t\t<\/div>\n\t\t\t\t\t<\/div>\n\t\t<\/section>\n\t\t\t\t<section class=\"elementor-section elementor-top-section elementor-element elementor-element-c0a560e elementor-section-boxed elementor-section-height-default elementor-section-height-default\" data-id=\"c0a560e\" data-element_type=\"section\">\n\t\t\t\t\t\t<div class=\"elementor-container elementor-column-gap-default\">\n\t\t\t\t\t<div class=\"elementor-column elementor-col-100 elementor-top-column elementor-element elementor-element-092562c\" data-id=\"092562c\" data-element_type=\"column\">\n\t\t\t<div class=\"elementor-widget-wrap elementor-element-populated\">\n\t\t\t\t\t\t<div class=\"elementor-element elementor-element-887054b elementor-widget elementor-widget-heading\" data-id=\"887054b\" data-element_type=\"widget\" data-widget_type=\"heading.default\">\n\t\t\t\t<div class=\"elementor-widget-container\">\n\t\t\t\t\t<h3 class=\"elementor-heading-title elementor-size-default\">Politica privind fi\u0219ierele cookies<\/h3>\t\t\t\t<\/div>\n\t\t\t\t<\/div>\n\t\t\t\t\t<\/div>\n\t\t<\/div>\n\t\t\t\t\t<\/div>\n\t\t<\/section>\n\t\t\t\t<section class=\"elementor-section elementor-top-section elementor-element elementor-element-77e4c2e elementor-section-boxed elementor-section-height-default elementor-section-height-default\" data-id=\"77e4c2e\" data-element_type=\"section\">\n\t\t\t\t\t\t<div class=\"elementor-container elementor-column-gap-default\">\n\t\t\t\t\t<div class=\"elementor-column elementor-col-100 elementor-top-column elementor-element elementor-element-3f3d21c\" data-id=\"3f3d21c\" data-element_type=\"column\">\n\t\t\t<div class=\"elementor-widget-wrap elementor-element-populated\">\n\t\t\t\t\t\t<div class=\"elementor-element elementor-element-a8e2609 elementor-widget elementor-widget-text-editor\" data-id=\"a8e2609\" data-element_type=\"widget\" data-widget_type=\"text-editor.default\">\n\t\t\t\t<div class=\"elementor-widget-container\">\n\t\t\t\t\t\t\t\t\t<p><span style=\"color: #000000;\"><span class=\"word\" data-words=\"Site,\u0218i\u021be\">Site<\/span>-ul dmswebsolutions.ro <strong>nu <span class=\"word\" data-words=\"utilizeaz\u0103,utilizeaza\">utilizeaz\u0103<\/span> <span class=\"word\" data-words=\"aplica\u021bii,aplicatii\">aplica\u021bii<\/span> de <span class=\"word modified\" data-words=\"analiz\u0103,analiza\">analiz\u0103<\/span><\/strong>\u00a0de <span class=\"word\" data-words=\"la,l\u0103\">la<\/span> <span class=\"word modified\" data-words=\"terti,ter\u021bi\">ter\u021bi<\/span> (ex: Google Analytics) <span class=\"word\" data-words=\"sau,s\u0103u,\u0219au\">sau<\/span> de <span class=\"word\" data-words=\"la,l\u0103\">la<\/span> operatorii de <span class=\"word\" data-words=\"re\u021bele,retele\">re\u021bele<\/span> sociale (ex: Facebook Pixel).<\/span><\/p>\t\t\t\t\t\t\t\t<\/div>\n\t\t\t\t<\/div>\n\t\t\t\t<div class=\"elementor-element elementor-element-7b8de40 elementor-widget elementor-widget-text-editor\" data-id=\"7b8de40\" data-element_type=\"widget\" data-widget_type=\"text-editor.default\">\n\t\t\t\t<div class=\"elementor-widget-container\">\n\t\t\t\t\t\t\t\t\t<p><span style=\"color: #000000;\">\u2713 Folosim doar cookie-<span class=\"word\" data-words=\"uri,ur\u00ee\">uri<\/span> de <span class=\"word modified\" data-words=\"baza,baz\u0103,b\u00e2za,b\u00e2z\u0103\">baz\u0103<\/span> necesare <span class=\"word\" data-words=\"func\u021bionarii,func\u021bion\u0103rii,functionarii\">func\u021bionarii<\/span> acestui website.<\/span><\/p>\t\t\t\t\t\t\t\t<\/div>\n\t\t\t\t<\/div>\n\t\t\t\t<div class=\"elementor-element elementor-element-68feda4 elementor-widget elementor-widget-text-editor\" data-id=\"68feda4\" data-element_type=\"widget\" data-widget_type=\"text-editor.default\">\n\t\t\t\t<div class=\"elementor-widget-container\">\n\t\t\t\t\t\t\t\t\t<p><span style=\"color: #000000;\"><strong>Ce este un cookie?<\/strong><\/span><\/p><p><span style=\"color: #000000;\">\u25cf Un cookie \u00a0este un fragment de <span class=\"word\" data-words=\"informa\u021bie,informatie\">informa\u021bie<\/span> care face <span class=\"word\" data-words=\"leg\u0103tur\u0103,leg\u0103tura,legatura\">leg\u0103tur\u0103<\/span> <span class=\"word\" data-words=\"intre,\u00eentre\">intre<\/span> browser-ul web (utilizator) <span class=\"word\" data-words=\"\u0219i,si\">\u0219i<\/span> un server web (website).<\/span><br \/><span style=\"color: #000000;\">\u25cf Cookie-urile p\u0103streaz\u0103 informa\u021bii \u00eentr-un fi\u0219ier text de mici dimensiuni care permit unui web site s\u0103 recunoasc\u0103 un browser. La prima accesare a unui site, \u00een browser sunt stocate informa\u021bii referitoare la preferin\u021bele utilizatorului (ex: limb\u0103, moned\u0103 etc). La o ulterioar\u0103 revenire pe site-ul web, informa\u021biile din cookie cu privire la preferin\u0163ele utilizatorului vor fi citite \u0219i setate \u00een concordan\u021b\u0103.<\/span><\/p>\t\t\t\t\t\t\t\t<\/div>\n\t\t\t\t<\/div>\n\t\t\t\t<div class=\"elementor-element elementor-element-d40aa82 elementor-widget elementor-widget-text-editor\" data-id=\"d40aa82\" data-element_type=\"widget\" data-widget_type=\"text-editor.default\">\n\t\t\t\t<div class=\"elementor-widget-container\">\n\t\t\t\t\t\t\t\t\t<p><span style=\"color: #000000;\"><strong>De ce sunt cookie-urile importante pentru Internet?<\/strong><\/span><\/p><p><span style=\"color: #000000;\">\u25cf Cookie-urile reprezint\u0103 punctul central al func\u021bionarii eficiente a internetului, ajut\u00e2nd la generarea unei experien\u021be de navigare prietenoase \u0219i adaptat\u0103 preferin\u021belor \u0219i intereselor fiec\u0103rui utilizator. Refuzarea sau dezactivarea cookie-urilor nu \u00eenseamn\u0103 c\u0103 nu ve\u021bi mai primi publicitate online ci doar c\u0103 nu se va mai putea \u021bine cont de preferin\u021bele \u0219i interesele dvs, eviden\u021biate prin comportamentul de navigare: categorii de \u0219tiri, starea vremii, sport, servicii publice, servicii de c\u0103l\u0103torie sau limba afi\u0219at\u0103.<\/span><\/p>\t\t\t\t\t\t\t\t<\/div>\n\t\t\t\t<\/div>\n\t\t\t\t<div class=\"elementor-element elementor-element-068a95f elementor-widget elementor-widget-text-editor\" data-id=\"068a95f\" data-element_type=\"widget\" data-widget_type=\"text-editor.default\">\n\t\t\t\t<div class=\"elementor-widget-container\">\n\t\t\t\t\t\t\t\t\t<p><span style=\"color: #000000;\"><strong>Setari cookie:<\/strong><\/span><\/p><p><span style=\"color: #000000;\">\u2192 Set\u0103ri Cookie \u00een Mozilla Firefox \u2013 <strong><a style=\"color: #000000;\" href=\"https:\/\/support.mozilla.org\/ro\/kb\/cookie-urile?redirectlocale=en-US&amp;redirectslug=Cookies\" target=\"_blank\" rel=\"noopener\">Click aici!<\/a><\/strong><\/span><br \/><span style=\"color: #000000;\">\u2192 Set\u0103ri Cookie \u00een Google Chrome \u2013 <strong><a style=\"color: #000000;\" href=\"https:\/\/support.google.com\/chrome\/answer\/95647?hl=ro\" target=\"_blank\" rel=\"noopener\">Click aici!<\/a><\/strong><\/span><br \/><span style=\"color: #000000;\">\u2192 Set\u0103ri Cookie \u00een Safari \u2013 <strong><a style=\"color: #000000;\" href=\"https:\/\/support.apple.com\/ro-ro\/guide\/safari\/manage-cookies-and-website-data-sfri11471\/mac\" target=\"_blank\" rel=\"noopener\">Click aici!<\/a><\/strong><\/span><\/p>\t\t\t\t\t\t\t\t<\/div>\n\t\t\t\t<\/div>\n\t\t\t\t<div class=\"elementor-element elementor-element-eb5958a elementor-widget elementor-widget-spacer\" data-id=\"eb5958a\" data-element_type=\"widget\" data-widget_type=\"spacer.default\">\n\t\t\t\t<div class=\"elementor-widget-container\">\n\t\t\t\t\t\t\t<div class=\"elementor-spacer\">\n\t\t\t<div class=\"elementor-spacer-inner\"><\/div>\n\t\t<\/div>\n\t\t\t\t\t\t<\/div>\n\t\t\t\t<\/div>\n\t\t\t\t\t<\/div>\n\t\t<\/div>\n\t\t\t\t\t<\/div>\n\t\t<\/section>\n\t\t\t\t<\/div>","protected":false},"excerpt":{"rendered":"<p>Acas\u0103 Politica privind fi\u0219ierele cookies Site-ul dmswebsolutions.ro nu utilizeaz\u0103 aplica\u021bii de analiz\u0103\u00a0de la ter\u021bi (ex: Google Analytics) sau de la operatorii de re\u021bele sociale (ex: Facebook Pixel). \u2713 Folosim doar cookie-uri de baz\u0103 necesare func\u021bionarii acestui website. Ce este un cookie? \u25cf Un cookie \u00a0este un fragment de informa\u021bie care face leg\u0103tur\u0103 intre browser-ul web [&hellip;]<\/p>","protected":false},"author":1,"featured_media":0,"parent":0,"menu_order":0,"comment_status":"closed","ping_status":"closed","template":"elementor-template.php","meta":{"inline_featured_image":false,"footnotes":""},"class_list":["post-1933","page","type-page","status-publish","hentry"],"yoast_head":"<!-- This site is optimized with the Yoast SEO plugin v24.9 - https:\/\/yoast.com\/wordpress\/plugins\/seo\/ -->\n<title>Politica privind fi\u0219ierele cookies - DMS Web Solutions \u25cf Blog<\/title>\n<meta name=\"robots\" content=\"index, follow, max-snippet:-1, max-image-preview:large, max-video-preview:-1\" \/>\n<link rel=\"canonical\" href=\"https:\/\/www.dmswebsolutions.ro\/en\/politica-privind-cookie-urile\/\" \/>\n<meta property=\"og:locale\" content=\"en_US\" \/>\n<meta property=\"og:type\" content=\"article\" \/>\n<meta property=\"og:title\" content=\"Politica privind fi\u0219ierele cookies - DMS Web Solutions \u25cf Blog\" \/>\n<meta property=\"og:description\" content=\"Acas\u0103 Politica privind fi\u0219ierele cookies Site-ul dmswebsolutions.ro nu utilizeaz\u0103 aplica\u021bii de analiz\u0103\u00a0de la ter\u021bi (ex: Google Analytics) sau de la operatorii de re\u021bele sociale (ex: Facebook Pixel). \u2713 Folosim doar cookie-uri de baz\u0103 necesare func\u021bionarii acestui website. Ce este un cookie? \u25cf Un cookie \u00a0este un fragment de informa\u021bie care face leg\u0103tur\u0103 intre browser-ul web [&hellip;]\" \/>\n<meta property=\"og:url\" content=\"https:\/\/www.dmswebsolutions.ro\/en\/politica-privind-cookie-urile\/\" \/>\n<meta property=\"og:site_name\" content=\"DMS Web Solutions \u25cf Blog\" \/>\n<meta property=\"article:modified_time\" content=\"2023-06-12T02:12:13+00:00\" \/>\n<meta name=\"twitter:card\" content=\"summary_large_image\" \/>\n<meta name=\"twitter:label1\" content=\"Est. reading time\" \/>\n\t<meta name=\"twitter:data1\" content=\"1 minute\" \/>\n<script type=\"application\/ld+json\" class=\"yoast-schema-graph\">{\"@context\":\"https:\/\/schema.org\",\"@graph\":[{\"@type\":\"WebPage\",\"@id\":\"https:\/\/www.dmswebsolutions.ro\/politica-privind-cookie-urile\/\",\"url\":\"https:\/\/www.dmswebsolutions.ro\/politica-privind-cookie-urile\/\",\"name\":\"Politica privind fi\u0219ierele cookies - DMS Web Solutions \u25cf Blog\",\"isPartOf\":{\"@id\":\"https:\/\/www.dmswebsolutions.ro\/#website\"},\"datePublished\":\"2023-06-11T22:57:53+00:00\",\"dateModified\":\"2023-06-12T02:12:13+00:00\",\"breadcrumb\":{\"@id\":\"https:\/\/www.dmswebsolutions.ro\/politica-privind-cookie-urile\/#breadcrumb\"},\"inLanguage\":\"en-US\",\"potentialAction\":[{\"@type\":\"ReadAction\",\"target\":[\"https:\/\/www.dmswebsolutions.ro\/politica-privind-cookie-urile\/\"]}]},{\"@type\":\"BreadcrumbList\",\"@id\":\"https:\/\/www.dmswebsolutions.ro\/politica-privind-cookie-urile\/#breadcrumb\",\"itemListElement\":[{\"@type\":\"ListItem\",\"position\":1,\"name\":\"Prima pagin\u0103\",\"item\":\"https:\/\/www.dmswebsolutions.ro\/\"},{\"@type\":\"ListItem\",\"position\":2,\"name\":\"Politica privind fi\u0219ierele cookies\"}]},{\"@type\":\"WebSite\",\"@id\":\"https:\/\/www.dmswebsolutions.ro\/#website\",\"url\":\"https:\/\/www.dmswebsolutions.ro\/\",\"name\":\"DMS Web Solutions \u25cf Blog\",\"description\":\"Gadgeturi, Telefoane, Internet, Software, Sfaturi &amp; Trucuri, Foto-Video, Design &amp; aspect, Stil de via\u021b\u0103 \u0219i C\u0103l\u0103torii\",\"publisher\":{\"@id\":\"https:\/\/www.dmswebsolutions.ro\/#organization\"},\"potentialAction\":[{\"@type\":\"SearchAction\",\"target\":{\"@type\":\"EntryPoint\",\"urlTemplate\":\"https:\/\/www.dmswebsolutions.ro\/?s={search_term_string}\"},\"query-input\":{\"@type\":\"PropertyValueSpecification\",\"valueRequired\":true,\"valueName\":\"search_term_string\"}}],\"inLanguage\":\"en-US\"},{\"@type\":\"Organization\",\"@id\":\"https:\/\/www.dmswebsolutions.ro\/#organization\",\"name\":\"DMS Web Solutions \u25cf Blog\",\"url\":\"https:\/\/www.dmswebsolutions.ro\/\",\"logo\":{\"@type\":\"ImageObject\",\"inLanguage\":\"en-US\",\"@id\":\"https:\/\/www.dmswebsolutions.ro\/#\/schema\/logo\/image\/\",\"url\":\"https:\/\/www.dmswebsolutions.ro\/wp-content\/uploads\/2023\/06\/logo-dms-web-solutions.webp\",\"contentUrl\":\"https:\/\/www.dmswebsolutions.ro\/wp-content\/uploads\/2023\/06\/logo-dms-web-solutions.webp\",\"width\":200,\"height\":85,\"caption\":\"DMS Web Solutions \u25cf Blog\"},\"image\":{\"@id\":\"https:\/\/www.dmswebsolutions.ro\/#\/schema\/logo\/image\/\"}}]}<\/script>\n<!-- \/ Yoast SEO plugin. -->","yoast_head_json":{"title":"Politica privind fi\u0219ierele cookies - DMS Web Solutions \u25cf Blog","robots":{"index":"index","follow":"follow","max-snippet":"max-snippet:-1","max-image-preview":"max-image-preview:large","max-video-preview":"max-video-preview:-1"},"canonical":"https:\/\/www.dmswebsolutions.ro\/en\/politica-privind-cookie-urile\/","og_locale":"en_US","og_type":"article","og_title":"Politica privind fi\u0219ierele cookies - DMS Web Solutions \u25cf Blog","og_description":"Acas\u0103 Politica privind fi\u0219ierele cookies Site-ul dmswebsolutions.ro nu utilizeaz\u0103 aplica\u021bii de analiz\u0103\u00a0de la ter\u021bi (ex: Google Analytics) sau de la operatorii de re\u021bele sociale (ex: Facebook Pixel). \u2713 Folosim doar cookie-uri de baz\u0103 necesare func\u021bionarii acestui website. Ce este un cookie? \u25cf Un cookie \u00a0este un fragment de informa\u021bie care face leg\u0103tur\u0103 intre browser-ul web [&hellip;]","og_url":"https:\/\/www.dmswebsolutions.ro\/en\/politica-privind-cookie-urile\/","og_site_name":"DMS Web Solutions \u25cf Blog","article_modified_time":"2023-06-12T02:12:13+00:00","twitter_card":"summary_large_image","twitter_misc":{"Est. reading time":"1 minute"},"schema":{"@context":"https:\/\/schema.org","@graph":[{"@type":"WebPage","@id":"https:\/\/www.dmswebsolutions.ro\/politica-privind-cookie-urile\/","url":"https:\/\/www.dmswebsolutions.ro\/politica-privind-cookie-urile\/","name":"Politica privind fi\u0219ierele cookies - DMS Web Solutions \u25cf Blog","isPartOf":{"@id":"https:\/\/www.dmswebsolutions.ro\/#website"},"datePublished":"2023-06-11T22:57:53+00:00","dateModified":"2023-06-12T02:12:13+00:00","breadcrumb":{"@id":"https:\/\/www.dmswebsolutions.ro\/politica-privind-cookie-urile\/#breadcrumb"},"inLanguage":"en-US","potentialAction":[{"@type":"ReadAction","target":["https:\/\/www.dmswebsolutions.ro\/politica-privind-cookie-urile\/"]}]},{"@type":"BreadcrumbList","@id":"https:\/\/www.dmswebsolutions.ro\/politica-privind-cookie-urile\/#breadcrumb","itemListElement":[{"@type":"ListItem","position":1,"name":"Prima pagin\u0103","item":"https:\/\/www.dmswebsolutions.ro\/"},{"@type":"ListItem","position":2,"name":"Politica privind fi\u0219ierele cookies"}]},{"@type":"WebSite","@id":"https:\/\/www.dmswebsolutions.ro\/#website","url":"https:\/\/www.dmswebsolutions.ro\/","name":"DMS Web Solutions \u25cf Blog","description":"Gadgeturi, Telefoane, Internet, Software, Sfaturi &amp; Trucuri, Foto-Video, Design &amp; aspect, Stil de via\u021b\u0103 \u0219i C\u0103l\u0103torii","publisher":{"@id":"https:\/\/www.dmswebsolutions.ro\/#organization"},"potentialAction":[{"@type":"SearchAction","target":{"@type":"EntryPoint","urlTemplate":"https:\/\/www.dmswebsolutions.ro\/?s={search_term_string}"},"query-input":{"@type":"PropertyValueSpecification","valueRequired":true,"valueName":"search_term_string"}}],"inLanguage":"en-US"},{"@type":"Organization","@id":"https:\/\/www.dmswebsolutions.ro\/#organization","name":"DMS Web Solutions \u25cf Blog","url":"https:\/\/www.dmswebsolutions.ro\/","logo":{"@type":"ImageObject","inLanguage":"en-US","@id":"https:\/\/www.dmswebsolutions.ro\/#\/schema\/logo\/image\/","url":"https:\/\/www.dmswebsolutions.ro\/wp-content\/uploads\/2023\/06\/logo-dms-web-solutions.webp","contentUrl":"https:\/\/www.dmswebsolutions.ro\/wp-content\/uploads\/2023\/06\/logo-dms-web-solutions.webp","width":200,"height":85,"caption":"DMS Web Solutions \u25cf Blog"},"image":{"@id":"https:\/\/www.dmswebsolutions.ro\/#\/schema\/logo\/image\/"}}]}},"_links":{"self":[{"href":"https:\/\/www.dmswebsolutions.ro\/en\/wp-json\/wp\/v2\/pages\/1933","targetHints":{"allow":["GET"]}}],"collection":[{"href":"https:\/\/www.dmswebsolutions.ro\/en\/wp-json\/wp\/v2\/pages"}],"about":[{"href":"https:\/\/www.dmswebsolutions.ro\/en\/wp-json\/wp\/v2\/types\/page"}],"author":[{"embeddable":true,"href":"https:\/\/www.dmswebsolutions.ro\/en\/wp-json\/wp\/v2\/users\/1"}],"replies":[{"embeddable":true,"href":"https:\/\/www.dmswebsolutions.ro\/en\/wp-json\/wp\/v2\/comments?post=1933"}],"version-history":[{"count":0,"href":"https:\/\/www.dmswebsolutions.ro\/en\/wp-json\/wp\/v2\/pages\/1933\/revisions"}],"wp:attachment":[{"href":"https:\/\/www.dmswebsolutions.ro\/en\/wp-json\/wp\/v2\/media?parent=1933"}],"curies":[{"name":"wp","href":"https:\/\/api.w.org\/{rel}","templated":true}]}}