{"id":1949,"date":"2023-06-12T02:04:19","date_gmt":"2023-06-11T23:04:19","guid":{"rendered":"https:\/\/www.dmswebsolutions.ro\/?page_id=1949"},"modified":"2023-06-12T05:04:13","modified_gmt":"2023-06-12T02:04:13","slug":"politica-de-confidentialitate","status":"publish","type":"page","link":"https:\/\/www.dmswebsolutions.ro\/en\/politica-de-confidentialitate\/","title":{"rendered":"Politica de confiden\u021bialitate"},"content":{"rendered":"<div data-elementor-type=\"wp-page\" data-elementor-id=\"1949\" class=\"elementor elementor-1949\">\n\t\t\t\t\t\t<section class=\"elementor-section elementor-top-section elementor-element elementor-element-8253c42 elementor-section-full_width elementor-section-height-default elementor-section-height-default\" data-id=\"8253c42\" data-element_type=\"section\">\n\t\t\t\t\t\t<div class=\"elementor-container elementor-column-gap-no\">\n\t\t\t\t\t<div class=\"elementor-column elementor-col-100 elementor-top-column elementor-element elementor-element-99b02e7\" data-id=\"99b02e7\" data-element_type=\"column\">\n\t\t\t<div class=\"elementor-widget-wrap elementor-element-populated\">\n\t\t\t\t\t\t<div class=\"elementor-element elementor-element-6ddd46e elementor-widget elementor-widget-benqu-breadcrum-id\" data-id=\"6ddd46e\" data-element_type=\"widget\" data-widget_type=\"benqu-breadcrum-id.default\">\n\t\t\t\t<div class=\"elementor-widget-container\">\n\t\t\t\t\t\t<div class=\"benqu-breadcrumb\">\r\n\t\t<div class=\"container\">\r\n\t\t\t<div class=\"row\">\r\n\t\t\t\t<div class=\"col-lg-12\">\r\n                    <div class=\"breadcrumb-item\">\r\n                        <ol class=\"breadcrumb-item\"><li><a href=\"https:\/\/www.dmswebsolutions.ro\/en\">Home<\/a><\/li> <\/ol>                    <\/div>\r\n\t\t\t\t\t\r\n\t\t\t\t<\/div>\r\n\t\t\t<\/div>\r\n\t\t<\/div>\r\n\t<\/div>\r\n    \t\t\t\t<\/div>\n\t\t\t\t<\/div>\n\t\t\t\t\t<\/div>\n\t\t<\/div>\n\t\t\t\t\t<\/div>\n\t\t<\/section>\n\t\t\t\t<section class=\"elementor-section elementor-top-section elementor-element elementor-element-c0a560e elementor-section-boxed elementor-section-height-default elementor-section-height-default\" data-id=\"c0a560e\" data-element_type=\"section\">\n\t\t\t\t\t\t<div class=\"elementor-container elementor-column-gap-default\">\n\t\t\t\t\t<div class=\"elementor-column elementor-col-100 elementor-top-column elementor-element elementor-element-092562c\" data-id=\"092562c\" data-element_type=\"column\">\n\t\t\t<div class=\"elementor-widget-wrap elementor-element-populated\">\n\t\t\t\t\t\t<div class=\"elementor-element elementor-element-887054b elementor-widget elementor-widget-heading\" data-id=\"887054b\" data-element_type=\"widget\" data-widget_type=\"heading.default\">\n\t\t\t\t<div class=\"elementor-widget-container\">\n\t\t\t\t\t<div id=\"ez-toc-container\" class=\"ez-toc-v2_0_73 counter-hierarchy ez-toc-counter ez-toc-grey ez-toc-container-direction\">\n<div class=\"ez-toc-title-container\">\n<p class=\"ez-toc-title\" style=\"cursor:inherit\">Table of Contents<\/p>\n<span class=\"ez-toc-title-toggle\"><a href=\"#\" class=\"ez-toc-pull-right ez-toc-btn ez-toc-btn-xs ez-toc-btn-default ez-toc-toggle\" aria-label=\"Toggle Table of Content\"><span class=\"ez-toc-js-icon-con\"><span class=\"\"><span class=\"eztoc-hide\" style=\"display:none;\">Toggle<\/span><span class=\"ez-toc-icon-toggle-span\"><svg style=\"fill: #999;color:#999\" xmlns=\"http:\/\/www.w3.org\/2000\/svg\" class=\"list-377408\" width=\"20px\" height=\"20px\" viewbox=\"0 0 24 24\" fill=\"none\"><path d=\"M6 6H4v2h2V6zm14 0H8v2h12V6zM4 11h2v2H4v-2zm16 0H8v2h12v-2zM4 16h2v2H4v-2zm16 0H8v2h12v-2z\" fill=\"currentColor\"><\/path><\/svg><svg style=\"fill: #999;color:#999\" class=\"arrow-unsorted-368013\" xmlns=\"http:\/\/www.w3.org\/2000\/svg\" width=\"10px\" height=\"10px\" viewbox=\"0 0 24 24\" version=\"1.2\" baseprofile=\"tiny\"><path d=\"M18.2 9.3l-6.2-6.3-6.2 6.3c-.2.2-.3.4-.3.7s.1.5.3.7c.2.2.4.3.7.3h11c.3 0 .5-.1.7-.3.2-.2.3-.5.3-.7s-.1-.5-.3-.7zM5.8 14.7l6.2 6.3 6.2-6.3c.2-.2.3-.5.3-.7s-.1-.5-.3-.7c-.2-.2-.4-.3-.7-.3h-11c-.3 0-.5.1-.7.3-.2.2-.3.5-.3.7s.1.5.3.7z\"\/><\/svg><\/span><\/span><\/span><\/a><\/span><\/div>\n<nav><ul class='ez-toc-list ez-toc-list-level-1' ><ul class='ez-toc-list-level-5' ><li class='ez-toc-heading-level-5'><a class=\"ez-toc-link ez-toc-heading-1\" href=\"https:\/\/www.dmswebsolutions.ro\/en\/politica-de-confidentialitate\/#Politica_de_confidentialitate\" title=\"Politica de confiden\u021bialitate\">Politica de confiden\u021bialitate<\/a><\/li><\/ul><\/li><li class='ez-toc-page-1 ez-toc-heading-level-4'><a class=\"ez-toc-link ez-toc-heading-2\" href=\"https:\/\/www.dmswebsolutions.ro\/en\/politica-de-confidentialitate\/#Ce_sunt_datele_cu_caracter_personal\" title=\"Ce sunt datele cu caracter personal?\">Ce sunt datele cu caracter personal?<\/a><\/li><li class='ez-toc-page-1 ez-toc-heading-level-4'><a class=\"ez-toc-link ez-toc-heading-3\" href=\"https:\/\/www.dmswebsolutions.ro\/en\/politica-de-confidentialitate\/#Ce_date_colectam\" title=\"Ce date colect\u0103m?\">Ce date colect\u0103m?<\/a><\/li><li class='ez-toc-page-1 ez-toc-heading-level-4'><a class=\"ez-toc-link ez-toc-heading-4\" href=\"https:\/\/www.dmswebsolutions.ro\/en\/politica-de-confidentialitate\/#Prelucrarea_datelor_cu_caracter_personal\" title=\"Prelucrarea datelor cu caracter personal\">Prelucrarea datelor cu caracter personal<\/a><\/li><li class='ez-toc-page-1 ez-toc-heading-level-4'><a class=\"ez-toc-link ez-toc-heading-5\" href=\"https:\/\/www.dmswebsolutions.ro\/en\/politica-de-confidentialitate\/#Ce_drepturi_ai_asupra_datelor_tale\" title=\"Ce drepturi ai asupra datelor tale\">Ce drepturi ai asupra datelor tale<\/a><\/li><\/ul><\/nav><\/div>\n<h5 class=\"elementor-heading-title elementor-size-default\"><span class=\"ez-toc-section\" id=\"Politica_de_confidentialitate\"><\/span>Politica de confiden\u021bialitate<span class=\"ez-toc-section-end\"><\/span><\/h5>\t\t\t\t<\/div>\n\t\t\t\t<\/div>\n\t\t\t\t\t<\/div>\n\t\t<\/div>\n\t\t\t\t\t<\/div>\n\t\t<\/section>\n\t\t\t\t<section class=\"elementor-section elementor-top-section elementor-element elementor-element-77e4c2e elementor-section-boxed elementor-section-height-default elementor-section-height-default\" data-id=\"77e4c2e\" data-element_type=\"section\">\n\t\t\t\t\t\t<div class=\"elementor-container elementor-column-gap-default\">\n\t\t\t\t\t<div class=\"elementor-column elementor-col-100 elementor-top-column elementor-element elementor-element-3f3d21c\" data-id=\"3f3d21c\" data-element_type=\"column\">\n\t\t\t<div class=\"elementor-widget-wrap elementor-element-populated\">\n\t\t\t\t\t\t<div class=\"elementor-element elementor-element-a8e2609 elementor-widget elementor-widget-text-editor\" data-id=\"a8e2609\" data-element_type=\"widget\" data-widget_type=\"text-editor.default\">\n\t\t\t\t<div class=\"elementor-widget-container\">\n\t\t\t\t\t\t\t\t\t<p><span style=\"color: #000000;\">Site-ul dmswebsolutions.ro\u00a0<strong>nu utilizeaz\u0103 aplica\u021bii de analiz\u0103<\/strong>\u00a0de la ter\u021bi (ex: Google Analytics) sau de la operatorii de re\u021bele sociale (ex: Facebook Pixel).<\/span><\/p>\t\t\t\t\t\t\t\t<\/div>\n\t\t\t\t<\/div>\n\t\t\t\t<div class=\"elementor-element elementor-element-b583fc9 elementor-widget elementor-widget-text-editor\" data-id=\"b583fc9\" data-element_type=\"widget\" data-widget_type=\"text-editor.default\">\n\t\t\t\t<div class=\"elementor-widget-container\">\n\t\t\t\t\t\t\t\t\t<h4><span class=\"ez-toc-section\" id=\"Ce_sunt_datele_cu_caracter_personal\"><\/span><span style=\"color: #000000;\"><strong>Ce sunt datele cu caracter personal?<\/strong><\/span><span class=\"ez-toc-section-end\"><\/span><\/h4><p><span style=\"color: #000000;\">\u25cf Datele personale sau datele cu caracter personal sunt acele informa\u021bii unice individuale privind o persoan\u0103 fizic\u0103 identificat\u0103 sau identificabil\u0103, referitoare la nume, adres\u0103, cod numeric personal, IP sau num\u0103r de telefon, date de localizare, un identificator online, sau la unul sau mai multe elemente specifice, proprii identit\u0103\u021bii fizice, fiziologice, genetice, psihice, economice, culturale sau sociale.<\/span><\/p>\t\t\t\t\t\t\t\t<\/div>\n\t\t\t\t<\/div>\n\t\t\t\t<div class=\"elementor-element elementor-element-a3d86bb elementor-widget elementor-widget-text-editor\" data-id=\"a3d86bb\" data-element_type=\"widget\" data-widget_type=\"text-editor.default\">\n\t\t\t\t<div class=\"elementor-widget-container\">\n\t\t\t\t\t\t\t\t\t<h4><span class=\"ez-toc-section\" id=\"Ce_date_colectam\"><\/span><span style=\"color: #000000;\"><strong>Ce date colect\u0103m?<\/strong><\/span><span class=\"ez-toc-section-end\"><\/span><\/h4><p><span style=\"color: #000000;\">\u25cf Colect\u0103m doar date transmise involuntar (adresa IP), atunci c\u00e2nd interac\u021bionezi cu website-ul nostru.<\/span><\/p><p><span style=\"color: #000000;\">\u25cf Atunci c\u00e2nd vizitezi acest website, adresa IP este \u00eenregistrat\u0103. \u00cens\u0103 noi NU folosim adresa ta de IP pentru a te identifica \u0219i nici pentru a fi folosit\u0103 \u00een alte scopuri.<\/span><\/p>\t\t\t\t\t\t\t\t<\/div>\n\t\t\t\t<\/div>\n\t\t\t\t<div class=\"elementor-element elementor-element-0b249c2 elementor-widget elementor-widget-text-editor\" data-id=\"0b249c2\" data-element_type=\"widget\" data-widget_type=\"text-editor.default\">\n\t\t\t\t<div class=\"elementor-widget-container\">\n\t\t\t\t\t\t\t\t\t<h4><span class=\"ez-toc-section\" id=\"Prelucrarea_datelor_cu_caracter_personal\"><\/span><span style=\"color: #000000;\"><strong>Prelucrarea datelor cu caracter personal<\/strong><\/span><span class=\"ez-toc-section-end\"><\/span><\/h4><p><span style=\"color: #000000;\">\u25cf Website-ul dmswebsolutions.ro are obliga\u021bia de a administra \u00een condi\u021bii de siguran\u021b\u0103 \u0219i numai pentru scopurile specificate, datele de identificare pe care ni le furnizezi: nume, prenume, adresa de e-mail.<\/span><\/p><p><span style=\"color: #000000;\">\u25cf Website-ul dmswebsolutions.ro NU solicit\u0103 prin intermediul site-ului date cu caracter personal precum CNP sau date bancare.<\/span><\/p>\t\t\t\t\t\t\t\t<\/div>\n\t\t\t\t<\/div>\n\t\t\t\t<div class=\"elementor-element elementor-element-4ade48c elementor-widget elementor-widget-text-editor\" data-id=\"4ade48c\" data-element_type=\"widget\" data-widget_type=\"text-editor.default\">\n\t\t\t\t<div class=\"elementor-widget-container\">\n\t\t\t\t\t\t\t\t\t<h4><span class=\"ez-toc-section\" id=\"Ce_drepturi_ai_asupra_datelor_tale\"><\/span><span style=\"color: #000000;\"><strong>Ce drepturi ai asupra datelor tale<\/strong><\/span><span class=\"ez-toc-section-end\"><\/span><\/h4><p><span style=\"color: #000000;\">\u25cf Dac\u0103 ai l\u0103sat comentarii pe acest site web, po\u021bi cere s\u0103 prime\u0219ti un fi\u0219ier de export cu datele personale pe care le de\u021binem despre tine, inclusiv toate datele pe care ni le-ai furnizat.<\/span><br \/><span style=\"color: #000000;\">\u25cf De asemenea, ne po\u021bi cere s\u0103 \u0219tergem toate datele personale pe care le de\u021binem despre tine.<\/span><\/p>\t\t\t\t\t\t\t\t<\/div>\n\t\t\t\t<\/div>\n\t\t\t\t<div class=\"elementor-element elementor-element-eb5958a elementor-widget elementor-widget-spacer\" data-id=\"eb5958a\" data-element_type=\"widget\" data-widget_type=\"spacer.default\">\n\t\t\t\t<div class=\"elementor-widget-container\">\n\t\t\t\t\t\t\t<div class=\"elementor-spacer\">\n\t\t\t<div class=\"elementor-spacer-inner\"><\/div>\n\t\t<\/div>\n\t\t\t\t\t\t<\/div>\n\t\t\t\t<\/div>\n\t\t\t\t\t<\/div>\n\t\t<\/div>\n\t\t\t\t\t<\/div>\n\t\t<\/section>\n\t\t\t\t<\/div>","protected":false},"excerpt":{"rendered":"<p>Acas\u0103 Politica de confiden\u021bialitate Site-ul dmswebsolutions.ro\u00a0nu utilizeaz\u0103 aplica\u021bii de analiz\u0103\u00a0de la ter\u021bi (ex: Google Analytics) sau de la operatorii de re\u021bele sociale (ex: Facebook Pixel). Ce sunt datele cu caracter personal? \u25cf Datele personale sau datele cu caracter personal sunt acele informa\u021bii unice individuale privind o persoan\u0103 fizic\u0103 identificat\u0103 sau identificabil\u0103, referitoare la nume, adres\u0103, [&hellip;]<\/p>","protected":false},"author":1,"featured_media":0,"parent":0,"menu_order":0,"comment_status":"closed","ping_status":"closed","template":"elementor-template.php","meta":{"inline_featured_image":false,"footnotes":""},"class_list":["post-1949","page","type-page","status-publish","hentry"],"yoast_head":"<!-- This site is optimized with the Yoast SEO plugin v24.9 - https:\/\/yoast.com\/wordpress\/plugins\/seo\/ -->\n<title>Politica de confiden\u021bialitate - DMS Web Solutions \u25cf Blog<\/title>\n<meta name=\"robots\" content=\"index, follow, max-snippet:-1, max-image-preview:large, max-video-preview:-1\" \/>\n<link rel=\"canonical\" href=\"https:\/\/www.dmswebsolutions.ro\/en\/politica-de-confidentialitate\/\" \/>\n<meta property=\"og:locale\" content=\"en_US\" \/>\n<meta property=\"og:type\" content=\"article\" \/>\n<meta property=\"og:title\" content=\"Politica de confiden\u021bialitate - DMS Web Solutions \u25cf Blog\" \/>\n<meta property=\"og:description\" content=\"Acas\u0103 Politica de confiden\u021bialitate Site-ul dmswebsolutions.ro\u00a0nu utilizeaz\u0103 aplica\u021bii de analiz\u0103\u00a0de la ter\u021bi (ex: Google Analytics) sau de la operatorii de re\u021bele sociale (ex: Facebook Pixel). Ce sunt datele cu caracter personal? \u25cf Datele personale sau datele cu caracter personal sunt acele informa\u021bii unice individuale privind o persoan\u0103 fizic\u0103 identificat\u0103 sau identificabil\u0103, referitoare la nume, adres\u0103, [&hellip;]\" \/>\n<meta property=\"og:url\" content=\"https:\/\/www.dmswebsolutions.ro\/en\/politica-de-confidentialitate\/\" \/>\n<meta property=\"og:site_name\" content=\"DMS Web Solutions \u25cf Blog\" \/>\n<meta property=\"article:modified_time\" content=\"2023-06-12T02:04:13+00:00\" \/>\n<meta name=\"twitter:card\" content=\"summary_large_image\" \/>\n<meta name=\"twitter:label1\" content=\"Est. reading time\" \/>\n\t<meta name=\"twitter:data1\" content=\"1 minute\" \/>\n<script type=\"application\/ld+json\" class=\"yoast-schema-graph\">{\"@context\":\"https:\/\/schema.org\",\"@graph\":[{\"@type\":\"WebPage\",\"@id\":\"https:\/\/www.dmswebsolutions.ro\/politica-de-confidentialitate\/\",\"url\":\"https:\/\/www.dmswebsolutions.ro\/politica-de-confidentialitate\/\",\"name\":\"Politica de confiden\u021bialitate - DMS Web Solutions \u25cf Blog\",\"isPartOf\":{\"@id\":\"https:\/\/www.dmswebsolutions.ro\/#website\"},\"datePublished\":\"2023-06-11T23:04:19+00:00\",\"dateModified\":\"2023-06-12T02:04:13+00:00\",\"breadcrumb\":{\"@id\":\"https:\/\/www.dmswebsolutions.ro\/politica-de-confidentialitate\/#breadcrumb\"},\"inLanguage\":\"en-US\",\"potentialAction\":[{\"@type\":\"ReadAction\",\"target\":[\"https:\/\/www.dmswebsolutions.ro\/politica-de-confidentialitate\/\"]}]},{\"@type\":\"BreadcrumbList\",\"@id\":\"https:\/\/www.dmswebsolutions.ro\/politica-de-confidentialitate\/#breadcrumb\",\"itemListElement\":[{\"@type\":\"ListItem\",\"position\":1,\"name\":\"Prima pagin\u0103\",\"item\":\"https:\/\/www.dmswebsolutions.ro\/\"},{\"@type\":\"ListItem\",\"position\":2,\"name\":\"Politica de confiden\u021bialitate\"}]},{\"@type\":\"WebSite\",\"@id\":\"https:\/\/www.dmswebsolutions.ro\/#website\",\"url\":\"https:\/\/www.dmswebsolutions.ro\/\",\"name\":\"DMS Web Solutions \u25cf Blog\",\"description\":\"Gadgeturi, Telefoane, Internet, Software, Sfaturi &amp; Trucuri, Foto-Video, Design &amp; aspect, Stil de via\u021b\u0103 \u0219i C\u0103l\u0103torii\",\"publisher\":{\"@id\":\"https:\/\/www.dmswebsolutions.ro\/#organization\"},\"potentialAction\":[{\"@type\":\"SearchAction\",\"target\":{\"@type\":\"EntryPoint\",\"urlTemplate\":\"https:\/\/www.dmswebsolutions.ro\/?s={search_term_string}\"},\"query-input\":{\"@type\":\"PropertyValueSpecification\",\"valueRequired\":true,\"valueName\":\"search_term_string\"}}],\"inLanguage\":\"en-US\"},{\"@type\":\"Organization\",\"@id\":\"https:\/\/www.dmswebsolutions.ro\/#organization\",\"name\":\"DMS Web Solutions \u25cf Blog\",\"url\":\"https:\/\/www.dmswebsolutions.ro\/\",\"logo\":{\"@type\":\"ImageObject\",\"inLanguage\":\"en-US\",\"@id\":\"https:\/\/www.dmswebsolutions.ro\/#\/schema\/logo\/image\/\",\"url\":\"https:\/\/www.dmswebsolutions.ro\/wp-content\/uploads\/2023\/06\/logo-dms-web-solutions.webp\",\"contentUrl\":\"https:\/\/www.dmswebsolutions.ro\/wp-content\/uploads\/2023\/06\/logo-dms-web-solutions.webp\",\"width\":200,\"height\":85,\"caption\":\"DMS Web Solutions \u25cf Blog\"},\"image\":{\"@id\":\"https:\/\/www.dmswebsolutions.ro\/#\/schema\/logo\/image\/\"}}]}<\/script>\n<!-- \/ Yoast SEO plugin. -->","yoast_head_json":{"title":"Politica de confiden\u021bialitate - DMS Web Solutions \u25cf Blog","robots":{"index":"index","follow":"follow","max-snippet":"max-snippet:-1","max-image-preview":"max-image-preview:large","max-video-preview":"max-video-preview:-1"},"canonical":"https:\/\/www.dmswebsolutions.ro\/en\/politica-de-confidentialitate\/","og_locale":"en_US","og_type":"article","og_title":"Politica de confiden\u021bialitate - DMS Web Solutions \u25cf Blog","og_description":"Acas\u0103 Politica de confiden\u021bialitate Site-ul dmswebsolutions.ro\u00a0nu utilizeaz\u0103 aplica\u021bii de analiz\u0103\u00a0de la ter\u021bi (ex: Google Analytics) sau de la operatorii de re\u021bele sociale (ex: Facebook Pixel). Ce sunt datele cu caracter personal? \u25cf Datele personale sau datele cu caracter personal sunt acele informa\u021bii unice individuale privind o persoan\u0103 fizic\u0103 identificat\u0103 sau identificabil\u0103, referitoare la nume, adres\u0103, [&hellip;]","og_url":"https:\/\/www.dmswebsolutions.ro\/en\/politica-de-confidentialitate\/","og_site_name":"DMS Web Solutions \u25cf Blog","article_modified_time":"2023-06-12T02:04:13+00:00","twitter_card":"summary_large_image","twitter_misc":{"Est. reading time":"1 minute"},"schema":{"@context":"https:\/\/schema.org","@graph":[{"@type":"WebPage","@id":"https:\/\/www.dmswebsolutions.ro\/politica-de-confidentialitate\/","url":"https:\/\/www.dmswebsolutions.ro\/politica-de-confidentialitate\/","name":"Politica de confiden\u021bialitate - DMS Web Solutions \u25cf Blog","isPartOf":{"@id":"https:\/\/www.dmswebsolutions.ro\/#website"},"datePublished":"2023-06-11T23:04:19+00:00","dateModified":"2023-06-12T02:04:13+00:00","breadcrumb":{"@id":"https:\/\/www.dmswebsolutions.ro\/politica-de-confidentialitate\/#breadcrumb"},"inLanguage":"en-US","potentialAction":[{"@type":"ReadAction","target":["https:\/\/www.dmswebsolutions.ro\/politica-de-confidentialitate\/"]}]},{"@type":"BreadcrumbList","@id":"https:\/\/www.dmswebsolutions.ro\/politica-de-confidentialitate\/#breadcrumb","itemListElement":[{"@type":"ListItem","position":1,"name":"Prima pagin\u0103","item":"https:\/\/www.dmswebsolutions.ro\/"},{"@type":"ListItem","position":2,"name":"Politica de confiden\u021bialitate"}]},{"@type":"WebSite","@id":"https:\/\/www.dmswebsolutions.ro\/#website","url":"https:\/\/www.dmswebsolutions.ro\/","name":"DMS Web Solutions \u25cf Blog","description":"Gadgeturi, Telefoane, Internet, Software, Sfaturi &amp; Trucuri, Foto-Video, Design &amp; aspect, Stil de via\u021b\u0103 \u0219i C\u0103l\u0103torii","publisher":{"@id":"https:\/\/www.dmswebsolutions.ro\/#organization"},"potentialAction":[{"@type":"SearchAction","target":{"@type":"EntryPoint","urlTemplate":"https:\/\/www.dmswebsolutions.ro\/?s={search_term_string}"},"query-input":{"@type":"PropertyValueSpecification","valueRequired":true,"valueName":"search_term_string"}}],"inLanguage":"en-US"},{"@type":"Organization","@id":"https:\/\/www.dmswebsolutions.ro\/#organization","name":"DMS Web Solutions \u25cf Blog","url":"https:\/\/www.dmswebsolutions.ro\/","logo":{"@type":"ImageObject","inLanguage":"en-US","@id":"https:\/\/www.dmswebsolutions.ro\/#\/schema\/logo\/image\/","url":"https:\/\/www.dmswebsolutions.ro\/wp-content\/uploads\/2023\/06\/logo-dms-web-solutions.webp","contentUrl":"https:\/\/www.dmswebsolutions.ro\/wp-content\/uploads\/2023\/06\/logo-dms-web-solutions.webp","width":200,"height":85,"caption":"DMS Web Solutions \u25cf Blog"},"image":{"@id":"https:\/\/www.dmswebsolutions.ro\/#\/schema\/logo\/image\/"}}]}},"_links":{"self":[{"href":"https:\/\/www.dmswebsolutions.ro\/en\/wp-json\/wp\/v2\/pages\/1949","targetHints":{"allow":["GET"]}}],"collection":[{"href":"https:\/\/www.dmswebsolutions.ro\/en\/wp-json\/wp\/v2\/pages"}],"about":[{"href":"https:\/\/www.dmswebsolutions.ro\/en\/wp-json\/wp\/v2\/types\/page"}],"author":[{"embeddable":true,"href":"https:\/\/www.dmswebsolutions.ro\/en\/wp-json\/wp\/v2\/users\/1"}],"replies":[{"embeddable":true,"href":"https:\/\/www.dmswebsolutions.ro\/en\/wp-json\/wp\/v2\/comments?post=1949"}],"version-history":[{"count":0,"href":"https:\/\/www.dmswebsolutions.ro\/en\/wp-json\/wp\/v2\/pages\/1949\/revisions"}],"wp:attachment":[{"href":"https:\/\/www.dmswebsolutions.ro\/en\/wp-json\/wp\/v2\/media?parent=1949"}],"curies":[{"name":"wp","href":"https:\/\/api.w.org\/{rel}","templated":true}]}}